{"id":1120,"date":"2025-07-21T16:37:45","date_gmt":"2025-07-21T19:37:45","guid":{"rendered":"https:\/\/killerbee.com.br\/?post_type=product&#038;p=1120"},"modified":"2026-02-03T01:50:33","modified_gmt":"2026-02-03T04:50:33","slug":"cropped-gaara","status":"publish","type":"product","link":"https:\/\/killerbee.com.br\/?product=cropped-gaara","title":{"rendered":"Cropped Besta de Uma Cauda"},"content":{"rendered":"\t\t<div data-elementor-type=\"product-post\" data-elementor-id=\"1120\" class=\"elementor elementor-1120\" data-elementor-post-type=\"product\">\n\t\t\t\t<div class=\"wd-negative-gap elementor-element elementor-element-4538be82 e-flex e-con-boxed e-con e-parent\" data-id=\"4538be82\" data-element_type=\"container\">\n\t\t\t\t\t<div class=\"e-con-inner\">\n\t\t<div class=\"elementor-element elementor-element-54b8b585 e-con-full e-flex e-con e-child\" data-id=\"54b8b585\" data-element_type=\"container\">\n\t\t<div class=\"elementor-element elementor-element-732b40af e-con-full e-flex e-con e-child\" data-id=\"732b40af\" data-element_type=\"container\">\n\t\t\t\t<div class=\"elementor-element elementor-element-73bd87a0 wd-width-100 elementor-widget elementor-widget-wd_title\" data-id=\"73bd87a0\" data-element_type=\"widget\" data-widget_type=\"wd_title.default\">\n\t\t\t\t<div class=\"elementor-widget-container\">\n\t\t\t\t\t\t\t<div class=\"title-wrapper wd-set-mb reset-last-child wd-title-color-default wd-title-style-default wd-title-size-default text-left\">\n\n\t\t\t\n\t\t\t<div class=\"liner-continer\">\n\t\t\t\t<h4 class=\"woodmart-title-container title wd-fontsize-l\">Oversized KillerBee<\/h4> \n\t\t\t\t\t\t\t<\/div>\n\n\t\t\t\t\t<\/div>\n\t\t\t\t\t\t<\/div>\n\t\t\t\t<\/div>\n\t\t\t\t<div class=\"elementor-element elementor-element-783a8b10 elementor-widget elementor-widget-wd_text_block\" data-id=\"783a8b10\" data-element_type=\"widget\" data-widget_type=\"wd_text_block.default\">\n\t\t\t\t<div class=\"elementor-widget-container\">\n\t\t\t\t\t\t\t<div class=\"wd-text-block reset-last-child text-left\">\n\t\t\t\n\t\t\t<p><strong data-start=\"0\" data-end=\"46\">Camiseta 100\u202f% Algod\u00e3o Penteado (180\u202fg\/m\u00b2)<\/strong><br data-start=\"46\" data-end=\"49\" \/>Confeccionada em malha pr\u00e9\u2011encolhida (zero encolhimento ap\u00f3s lavagem), esta pe\u00e7a une o toque macio e respir\u00e1vel do algod\u00e3o com tratamento t\u00e9cnico de redu\u00e7\u00e3o de transpar\u00eancia - mesmo no branco, o tecido mant\u00e9m a opacidade ideal. \u00c9 uma op\u00e7\u00e3o sustent\u00e1vel e biodegrad\u00e1vel, perfeita para quem vive o streetwear anime sem abrir m\u00e3o do conforto.<\/p>\n\t\t\t\t\t<\/div>\n\t\t\t\t\t\t<\/div>\n\t\t\t\t<\/div>\n\t\t<div class=\"elementor-element elementor-element-54f10c35 e-con-full e-flex e-con e-child\" data-id=\"54f10c35\" data-element_type=\"container\">\n\t\t<div class=\"elementor-element elementor-element-2aeffa44 e-con-full e-flex e-con e-child\" data-id=\"2aeffa44\" data-element_type=\"container\">\n\t\t\t\t<div class=\"elementor-element elementor-element-35efe5b4 elementor-widget elementor-widget-wd_image_or_svg\" data-id=\"35efe5b4\" data-element_type=\"widget\" data-widget_type=\"wd_image_or_svg.default\">\n\t\t\t\t<div class=\"elementor-widget-container\">\n\t\t\t\t\t\n\t\t<div class=\"wd-image text-left\">\n\t\t\t\t\t\t\t\t<img fetchpriority=\"high\" decoding=\"async\" width=\"600\" height=\"316\" src=\"https:\/\/killerbee.com.br\/wp-content\/uploads\/2025\/03\/ps-product-description.gif\" class=\"attachment-full size-full\" alt=\"\" srcset=\"https:\/\/killerbee.com.br\/wp-content\/uploads\/2025\/03\/ps-product-description.gif 600w, https:\/\/killerbee.com.br\/wp-content\/uploads\/2025\/03\/ps-product-description-430x226.gif 430w, https:\/\/killerbee.com.br\/wp-content\/uploads\/2025\/03\/ps-product-description-180x95.gif 180w\" sizes=\"(max-width: 600px) 100vw, 600px\" \/>\t\t\t\t\t<\/div>\n\n\t\t\t\t\t\t<\/div>\n\t\t\t\t<\/div>\n\t\t\t\t<\/div>\n\t\t<div class=\"elementor-element elementor-element-77c78d39 e-con-full e-flex e-con e-child\" data-id=\"77c78d39\" data-element_type=\"container\">\n\t\t\t\t<div class=\"elementor-element elementor-element-56475730 elementor-widget elementor-widget-wd_infobox\" data-id=\"56475730\" data-element_type=\"widget\" data-widget_type=\"wd_infobox.default\">\n\t\t\t\t<div class=\"elementor-widget-container\">\n\t\t\t\t\t\t\t<div class=\"info-box-wrapper\">\n\t\t\t<div class=\"wd-info-box text-left box-icon-align-left box-style-base color-scheme- wd-items-top\">\n\t\t\t\t\t\t\t\t\t<div class=\"box-icon-wrapper  box-with-icon box-icon-simple\">\n\t\t\t\t\t\t<div class=\"info-box-icon\">\n\t\t\t\t\t\t\t\t\t\t\t\t\t\t\t<div class=\"info-svg-wrapper\" style=\"width:20px; height:20px;\"><img loading=\"lazy\" decoding=\"async\"  src=\"https:\/\/killerbee.com.br\/wp-content\/uploads\/2025\/03\/collection.svg\" title=\"collection\" loading=\"lazy\" width=\"20\" height=\"20\"><\/div>\t\t\t\t\t\t\t\t\t\t\t\t\t<\/div>\n\t\t\t\t\t<\/div>\n\t\t\t\t\n\t\t\t\t<div class=\"info-box-content\">\n\t\t\t\t\t\n\t\t\t\t\t\t\t\t\t\t\t<h4\t\t\t\t\t\tclass=\"info-box-title title box-title-style-default wd-fontsize-s\" data-elementor-setting-key=\"title\">\n\t\t\t\t\t\t\t\tPrincipais caracter\u00edsticas\t\t\t\t\t\t<\/h4>\n\t\t\t\t\t\n\t\t\t\t\t<div class=\"info-box-inner reset-last-child\"data-elementor-setting-key=\"content\"><p>\u2022 100\u202f% algod\u00e3o penteado (180\u202fg\/m\u00b2) \u2013 toque suave e alta respirabilidade<br data-start=\"494\" data-end=\"497\" \/>\u2022 Transpar\u00eancia reduzida \u2013 cobertura superior em cores claras<br data-start=\"558\" data-end=\"561\" \/>\u2022 Durabilidade refor\u00e7ada \u2013 mant\u00e9m forma e cor mesmo ap\u00f3s m\u00faltiplas lavagens<br data-start=\"636\" data-end=\"639\" \/>\u2022 Sustent\u00e1vel e biodegrad\u00e1vel<\/p>\n<\/div>\n\n\t\t\t\t\t\t\t\t\t<\/div>\n\n\t\t\t\t\t\t\t<\/div>\n\t\t<\/div>\n\t\t\t\t\t\t<\/div>\n\t\t\t\t<\/div>\n\t\t\t\t<div class=\"elementor-element elementor-element-2d7ca63f elementor-widget elementor-widget-wd_infobox\" data-id=\"2d7ca63f\" data-element_type=\"widget\" data-widget_type=\"wd_infobox.default\">\n\t\t\t\t<div class=\"elementor-widget-container\">\n\t\t\t\t\t\t\t<div class=\"info-box-wrapper\">\n\t\t\t<div class=\"wd-info-box text-left box-icon-align-left box-style-base color-scheme- wd-items-top\">\n\t\t\t\t\t\t\t\t\t<div class=\"box-icon-wrapper  box-with-icon box-icon-simple\">\n\t\t\t\t\t\t<div class=\"info-box-icon\">\n\t\t\t\t\t\t\t\t\t\t\t\t\t\t\t<div class=\"info-svg-wrapper\" style=\"width:20px; height:20px;\"><img loading=\"lazy\" decoding=\"async\"  src=\"https:\/\/killerbee.com.br\/wp-content\/uploads\/2025\/03\/materials.svg\" title=\"materials\" loading=\"lazy\" width=\"20\" height=\"20\"><\/div>\t\t\t\t\t\t\t\t\t\t\t\t\t<\/div>\n\t\t\t\t\t<\/div>\n\t\t\t\t\n\t\t\t\t<div class=\"info-box-content\">\n\t\t\t\t\t\n\t\t\t\t\t\t\t\t\t\t\t<h4\t\t\t\t\t\tclass=\"info-box-title title box-title-style-default wd-fontsize-s\" data-elementor-setting-key=\"title\">\n\t\t\t\t\t\t\t\tAcabamentos\t\t\t\t\t\t<\/h4>\n\t\t\t\t\t\n\t\t\t\t\t<div class=\"info-box-inner reset-last-child\"data-elementor-setting-key=\"content\"><p>\u2022 Estampa em silk de alta defini\u00e7\u00e3o<br data-start=\"732\" data-end=\"735\" \/>\u2022 Gola canelada refor\u00e7ada e etiquetas costuradas para maior resist\u00eancia<\/p>\n<\/div>\n\n\t\t\t\t\t\t\t\t\t<\/div>\n\n\t\t\t\t\t\t\t<\/div>\n\t\t<\/div>\n\t\t\t\t\t\t<\/div>\n\t\t\t\t<\/div>\n\t\t\t\t<\/div>\n\t\t\t\t<\/div>\n\t\t\t\t<\/div>\n\t\t<div class=\"elementor-element elementor-element-16036c9e e-con-full e-flex e-con e-child\" data-id=\"16036c9e\" data-element_type=\"container\">\n\t\t\t\t<div class=\"elementor-element elementor-element-4e403b01 wd-width-100 elementor-widget elementor-widget-wd_images_gallery\" data-id=\"4e403b01\" data-element_type=\"widget\" data-widget_type=\"wd_images_gallery.default\">\n\t\t\t\t<div class=\"elementor-widget-container\">\n\t\t\t\t\t\t\t<div class=\"wd-images-gallery photoswipe-images\" style=\"--wd-align-items:center; --wd-justify-content:center;\">\n\t\t\t\t\t\t<div class=\"wd-grid-g\" style=\"--wd-col-lg:2;--wd-col-md:2;--wd-col-sm:2;--wd-gap-lg:20px;--wd-gap-sm:10px;\" >\n\t\t\t\t\t\t\t\t\t\t\t\t\t\t\t\t\t\t<div class=\"wd-gallery-item wd-col\">\n\t\t\t\t\t\t\t\t\t\t\t\t\t<a  href=\"https:\/\/killerbee.com.br\/wp-content\/uploads\/2025\/03\/ps-product-description-1-opt.jpg\" data-width=\"310\" data-height=\"340\" data-index=\"1\" data-elementor-open-lightbox=\"no\">\n\t\t\t\t\t\t\n\t\t\t\t\t\t<img decoding=\"async\" width=\"310\" height=\"340\" src=\"https:\/\/killerbee.com.br\/wp-content\/uploads\/2025\/03\/ps-product-description-1-opt.jpg\" class=\"attachment-full size-full\" alt=\"ps-product-description-1-opt\" srcset=\"https:\/\/killerbee.com.br\/wp-content\/uploads\/2025\/03\/ps-product-description-1-opt.jpg 310w, https:\/\/killerbee.com.br\/wp-content\/uploads\/2025\/03\/ps-product-description-1-opt-180x197.jpg 180w\" sizes=\"(max-width: 310px) 100vw, 310px\" \/>\n\t\t\t\t\t\t\t\t\t\t\t\t\t<\/a>\n\t\t\t\t\t\t\t\t\t\t\t<\/div>\n\t\t\t\t\t\t\t\t\t\t\t\t\t\t\t\t\t\t<\/div>\n\t\t\t\t\t<\/div>\n\t\t\t\t\t\t<\/div>\n\t\t\t\t<\/div>\n\t\t\t\t<div class=\"elementor-element elementor-element-3c68b689 elementor-widget elementor-widget-wd_text_block\" data-id=\"3c68b689\" data-element_type=\"widget\" data-widget_type=\"wd_text_block.default\">\n\t\t\t\t<div class=\"elementor-widget-container\">\n\t\t\t\t\t\t\t<div class=\"wd-text-block reset-last-child text-left\">\n\t\t\t\n\t\t\t<p>Mantendo os ombros drop e o caimento boxy da nossa linha oversized, a vers\u00e3o cropped traz comprimento propositalmente mais curto \u2014 ainda acima da m\u00e9dia \u2014 para destacar a cintura com atitude sem apertar o corpo. As mangas largas e a barra refor\u00e7ada garantem o mesmo conforto e fluidez, enquanto a altura reduzida cria um visual despojado e moderno. Para o fit perfeito, escolha seu tamanho habitual: n\u00e3o \u00e9 preciso subir de numera\u00e7\u00e3o para garantir o look soltinho e o caimento ideal.<\/p>\n\t\t\t\t\t<\/div>\n\t\t\t\t\t\t<\/div>\n\t\t\t\t<\/div>\n\t\t\t\t<\/div>\n\t\t\t\t<\/div>\n\t\t\t\t\t<\/div>\n\t\t\t\t<\/div>\n\t\t\t\t<\/div>\n\t\t","protected":false},"excerpt":{"rendered":"<p>Na frente, o kanji que representa <strong data-start=\"69\" data-end=\"93\">\u201cBesta de Uma Cauda\u201d<\/strong> evoca a maldi\u00e7\u00e3o e o poder bruto que marcaram a inf\u00e2ncia de Gaara. No verso, o kanji <strong data-start=\"179\" data-end=\"186\">\u201c\u611b\u201d<\/strong> (amor) \u2014 sua tatuagem ic\u00f4nica \u2014 revela a transforma\u00e7\u00e3o: de criatura temida a guardi\u00e3o amado. Esta camiseta celebra a jornada de supera\u00e7\u00e3o, lembrando que at\u00e9 o cora\u00e7\u00e3o mais endurecido pode aprender a amar.<\/p>\n","protected":false},"featured_media":1715,"comment_status":"open","ping_status":"closed","template":"","meta":[],"product_brand":[],"product_cat":[42,31],"product_tag":[56],"class_list":{"0":"post-1120","1":"product","2":"type-product","3":"status-publish","4":"has-post-thumbnail","6":"product_cat-cropped","7":"product_cat-gaara","8":"product_tag-gaara","10":"first","11":"instock","12":"sale","13":"shipping-taxable","14":"purchasable","15":"product-type-variable"},"jetpack_sharing_enabled":true,"_links":{"self":[{"href":"https:\/\/killerbee.com.br\/index.php?rest_route=\/wp\/v2\/product\/1120","targetHints":{"allow":["GET"]}}],"collection":[{"href":"https:\/\/killerbee.com.br\/index.php?rest_route=\/wp\/v2\/product"}],"about":[{"href":"https:\/\/killerbee.com.br\/index.php?rest_route=\/wp\/v2\/types\/product"}],"replies":[{"embeddable":true,"href":"https:\/\/killerbee.com.br\/index.php?rest_route=%2Fwp%2Fv2%2Fcomments&post=1120"}],"version-history":[{"count":5,"href":"https:\/\/killerbee.com.br\/index.php?rest_route=\/wp\/v2\/product\/1120\/revisions"}],"predecessor-version":[{"id":1507,"href":"https:\/\/killerbee.com.br\/index.php?rest_route=\/wp\/v2\/product\/1120\/revisions\/1507"}],"wp:featuredmedia":[{"embeddable":true,"href":"https:\/\/killerbee.com.br\/index.php?rest_route=\/wp\/v2\/media\/1715"}],"wp:attachment":[{"href":"https:\/\/killerbee.com.br\/index.php?rest_route=%2Fwp%2Fv2%2Fmedia&parent=1120"}],"wp:term":[{"taxonomy":"product_brand","embeddable":true,"href":"https:\/\/killerbee.com.br\/index.php?rest_route=%2Fwp%2Fv2%2Fproduct_brand&post=1120"},{"taxonomy":"product_cat","embeddable":true,"href":"https:\/\/killerbee.com.br\/index.php?rest_route=%2Fwp%2Fv2%2Fproduct_cat&post=1120"},{"taxonomy":"product_tag","embeddable":true,"href":"https:\/\/killerbee.com.br\/index.php?rest_route=%2Fwp%2Fv2%2Fproduct_tag&post=1120"}],"curies":[{"name":"wp","href":"https:\/\/api.w.org\/{rel}","templated":true}]}}