{"id":1108,"date":"2025-07-21T16:37:00","date_gmt":"2025-07-21T19:37:00","guid":{"rendered":"https:\/\/killerbee.com.br\/?post_type=product&#038;p=1108"},"modified":"2026-02-10T15:42:40","modified_gmt":"2026-02-10T18:42:40","slug":"cropped-itachi","status":"publish","type":"product","link":"https:\/\/killerbee.com.br\/?product=cropped-itachi","title":{"rendered":"Cropped Anel Vermelho"},"content":{"rendered":"\t\t<div data-elementor-type=\"product-post\" data-elementor-id=\"1108\" class=\"elementor elementor-1108\" data-elementor-post-type=\"product\">\n\t\t\t\t<div class=\"wd-negative-gap elementor-element elementor-element-7cfbf0a e-flex e-con-boxed e-con e-parent\" data-id=\"7cfbf0a\" data-element_type=\"container\">\n\t\t\t\t\t<div class=\"e-con-inner\">\n\t\t<div class=\"elementor-element elementor-element-5d074ff e-con-full e-flex e-con e-child\" data-id=\"5d074ff\" data-element_type=\"container\">\n\t\t<div class=\"elementor-element elementor-element-791677f4 e-con-full e-flex e-con e-child\" data-id=\"791677f4\" data-element_type=\"container\">\n\t\t\t\t<div class=\"elementor-element elementor-element-e6cc3d8 wd-width-100 elementor-widget elementor-widget-wd_title\" data-id=\"e6cc3d8\" data-element_type=\"widget\" data-widget_type=\"wd_title.default\">\n\t\t\t\t<div class=\"elementor-widget-container\">\n\t\t\t\t\t\t\t<div class=\"title-wrapper wd-set-mb reset-last-child wd-title-color-default wd-title-style-default wd-title-size-default text-left\">\n\n\t\t\t\n\t\t\t<div class=\"liner-continer\">\n\t\t\t\t<h4 class=\"woodmart-title-container title wd-fontsize-l\">Cropped KillerBee<\/h4> \n\t\t\t\t\t\t\t<\/div>\n\n\t\t\t\t\t<\/div>\n\t\t\t\t\t\t<\/div>\n\t\t\t\t<\/div>\n\t\t\t\t<div class=\"elementor-element elementor-element-1a1fad90 elementor-widget elementor-widget-wd_text_block\" data-id=\"1a1fad90\" data-element_type=\"widget\" data-widget_type=\"wd_text_block.default\">\n\t\t\t\t<div class=\"elementor-widget-container\">\n\t\t\t\t\t\t\t<div class=\"wd-text-block reset-last-child text-left\">\n\t\t\t\n\t\t\t<p><strong data-start=\"0\" data-end=\"46\">Camiseta 100\u202f% Algod\u00e3o Penteado (180\u202fg\/m\u00b2)<\/strong><br data-start=\"46\" data-end=\"49\" \/>Confeccionada em malha pr\u00e9\u2011encolhida (zero encolhimento ap\u00f3s lavagem), esta pe\u00e7a une o toque macio e respir\u00e1vel do algod\u00e3o com tratamento t\u00e9cnico de redu\u00e7\u00e3o de transpar\u00eancia - mesmo no branco, o tecido mant\u00e9m a opacidade ideal. \u00c9 uma op\u00e7\u00e3o sustent\u00e1vel e biodegrad\u00e1vel, perfeita para quem vive o streetwear anime sem abrir m\u00e3o do conforto.<\/p>\n\t\t\t\t\t<\/div>\n\t\t\t\t\t\t<\/div>\n\t\t\t\t<\/div>\n\t\t<div class=\"elementor-element elementor-element-67f5e5e3 e-con-full e-flex e-con e-child\" data-id=\"67f5e5e3\" data-element_type=\"container\">\n\t\t<div class=\"elementor-element elementor-element-a9550c0 e-con-full e-flex e-con e-child\" data-id=\"a9550c0\" data-element_type=\"container\">\n\t\t\t\t<div class=\"elementor-element elementor-element-11d86025 elementor-widget elementor-widget-wd_image_or_svg\" data-id=\"11d86025\" data-element_type=\"widget\" data-widget_type=\"wd_image_or_svg.default\">\n\t\t\t\t<div class=\"elementor-widget-container\">\n\t\t\t\t\t\n\t\t<div class=\"wd-image text-left\">\n\t\t\t\t\t\t\t\t<img fetchpriority=\"high\" decoding=\"async\" width=\"600\" height=\"316\" src=\"https:\/\/killerbee.com.br\/wp-content\/uploads\/2025\/03\/ps-product-description.gif\" class=\"attachment-full size-full\" alt=\"\" srcset=\"https:\/\/killerbee.com.br\/wp-content\/uploads\/2025\/03\/ps-product-description.gif 600w, https:\/\/killerbee.com.br\/wp-content\/uploads\/2025\/03\/ps-product-description-430x226.gif 430w, https:\/\/killerbee.com.br\/wp-content\/uploads\/2025\/03\/ps-product-description-180x95.gif 180w\" sizes=\"(max-width: 600px) 100vw, 600px\" \/>\t\t\t\t\t<\/div>\n\n\t\t\t\t\t\t<\/div>\n\t\t\t\t<\/div>\n\t\t\t\t<\/div>\n\t\t<div class=\"elementor-element elementor-element-6ac462af e-con-full e-flex e-con e-child\" data-id=\"6ac462af\" data-element_type=\"container\">\n\t\t\t\t<div class=\"elementor-element elementor-element-561a6781 elementor-widget elementor-widget-wd_infobox\" data-id=\"561a6781\" data-element_type=\"widget\" data-widget_type=\"wd_infobox.default\">\n\t\t\t\t<div class=\"elementor-widget-container\">\n\t\t\t\t\t\t\t<div class=\"info-box-wrapper\">\n\t\t\t<div class=\"wd-info-box text-left box-icon-align-left box-style-base color-scheme- wd-items-top\">\n\t\t\t\t\t\t\t\t\t<div class=\"box-icon-wrapper  box-with-icon box-icon-simple\">\n\t\t\t\t\t\t<div class=\"info-box-icon\">\n\t\t\t\t\t\t\t\t\t\t\t\t\t\t\t<div class=\"info-svg-wrapper\" style=\"width:20px; height:20px;\"><img loading=\"lazy\" decoding=\"async\"  src=\"https:\/\/killerbee.com.br\/wp-content\/uploads\/2025\/03\/collection.svg\" title=\"collection\" loading=\"lazy\" width=\"20\" height=\"20\"><\/div>\t\t\t\t\t\t\t\t\t\t\t\t\t<\/div>\n\t\t\t\t\t<\/div>\n\t\t\t\t\n\t\t\t\t<div class=\"info-box-content\">\n\t\t\t\t\t\n\t\t\t\t\t\t\t\t\t\t\t<h4\t\t\t\t\t\tclass=\"info-box-title title box-title-style-default wd-fontsize-s\" data-elementor-setting-key=\"title\">\n\t\t\t\t\t\t\t\tPrincipais caracter\u00edsticas\t\t\t\t\t\t<\/h4>\n\t\t\t\t\t\n\t\t\t\t\t<div class=\"info-box-inner reset-last-child\"data-elementor-setting-key=\"content\"><p>\u2022 100\u202f% algod\u00e3o penteado (180\u202fg\/m\u00b2) \u2013 toque suave e alta respirabilidade<br data-start=\"494\" data-end=\"497\" \/>\u2022 Transpar\u00eancia reduzida \u2013 cobertura superior em cores claras<br data-start=\"558\" data-end=\"561\" \/>\u2022 Durabilidade refor\u00e7ada \u2013 mant\u00e9m forma e cor mesmo ap\u00f3s m\u00faltiplas lavagens<br data-start=\"636\" data-end=\"639\" \/>\u2022 Sustent\u00e1vel e biodegrad\u00e1vel<\/p>\n<\/div>\n\n\t\t\t\t\t\t\t\t\t<\/div>\n\n\t\t\t\t\t\t\t<\/div>\n\t\t<\/div>\n\t\t\t\t\t\t<\/div>\n\t\t\t\t<\/div>\n\t\t\t\t<div class=\"elementor-element elementor-element-67d3d0ee elementor-widget elementor-widget-wd_infobox\" data-id=\"67d3d0ee\" data-element_type=\"widget\" data-widget_type=\"wd_infobox.default\">\n\t\t\t\t<div class=\"elementor-widget-container\">\n\t\t\t\t\t\t\t<div class=\"info-box-wrapper\">\n\t\t\t<div class=\"wd-info-box text-left box-icon-align-left box-style-base color-scheme- wd-items-top\">\n\t\t\t\t\t\t\t\t\t<div class=\"box-icon-wrapper  box-with-icon box-icon-simple\">\n\t\t\t\t\t\t<div class=\"info-box-icon\">\n\t\t\t\t\t\t\t\t\t\t\t\t\t\t\t<div class=\"info-svg-wrapper\" style=\"width:20px; height:20px;\"><img loading=\"lazy\" decoding=\"async\"  src=\"https:\/\/killerbee.com.br\/wp-content\/uploads\/2025\/03\/materials.svg\" title=\"materials\" loading=\"lazy\" width=\"20\" height=\"20\"><\/div>\t\t\t\t\t\t\t\t\t\t\t\t\t<\/div>\n\t\t\t\t\t<\/div>\n\t\t\t\t\n\t\t\t\t<div class=\"info-box-content\">\n\t\t\t\t\t\n\t\t\t\t\t\t\t\t\t\t\t<h4\t\t\t\t\t\tclass=\"info-box-title title box-title-style-default wd-fontsize-s\" data-elementor-setting-key=\"title\">\n\t\t\t\t\t\t\t\tAcabamentos\t\t\t\t\t\t<\/h4>\n\t\t\t\t\t\n\t\t\t\t\t<div class=\"info-box-inner reset-last-child\"data-elementor-setting-key=\"content\"><p>\u2022 Estampa em silk de alta defini\u00e7\u00e3o<br data-start=\"732\" data-end=\"735\" \/>\u2022 Gola canelada refor\u00e7ada e etiquetas costuradas para maior resist\u00eancia<\/p>\n<\/div>\n\n\t\t\t\t\t\t\t\t\t<\/div>\n\n\t\t\t\t\t\t\t<\/div>\n\t\t<\/div>\n\t\t\t\t\t\t<\/div>\n\t\t\t\t<\/div>\n\t\t\t\t<\/div>\n\t\t\t\t<\/div>\n\t\t\t\t<\/div>\n\t\t<div class=\"elementor-element elementor-element-57574ef4 e-con-full e-flex e-con e-child\" data-id=\"57574ef4\" data-element_type=\"container\">\n\t\t\t\t<div class=\"elementor-element elementor-element-d792f21 wd-width-100 elementor-widget elementor-widget-wd_images_gallery\" data-id=\"d792f21\" data-element_type=\"widget\" data-widget_type=\"wd_images_gallery.default\">\n\t\t\t\t<div class=\"elementor-widget-container\">\n\t\t\t\t\t\t\t<div class=\"wd-images-gallery photoswipe-images\" style=\"--wd-align-items:center; --wd-justify-content:center;\">\n\t\t\t\t\t\t<div class=\"wd-grid-g\" style=\"--wd-col-lg:2;--wd-col-md:2;--wd-col-sm:2;--wd-gap-lg:20px;--wd-gap-sm:10px;\" >\n\t\t\t\t\t\t\t\t\t\t\t\t\t\t\t\t\t\t<div class=\"wd-gallery-item wd-col\">\n\t\t\t\t\t\t\t\t\t\t\t\t\t<a  href=\"https:\/\/killerbee.com.br\/wp-content\/uploads\/2025\/03\/ps-product-description-1-opt.jpg\" data-width=\"310\" data-height=\"340\" data-index=\"1\" data-elementor-open-lightbox=\"no\">\n\t\t\t\t\t\t\n\t\t\t\t\t\t<img decoding=\"async\" width=\"310\" height=\"340\" src=\"https:\/\/killerbee.com.br\/wp-content\/uploads\/2025\/03\/ps-product-description-1-opt.jpg\" class=\"attachment-full size-full\" alt=\"ps-product-description-1-opt\" srcset=\"https:\/\/killerbee.com.br\/wp-content\/uploads\/2025\/03\/ps-product-description-1-opt.jpg 310w, https:\/\/killerbee.com.br\/wp-content\/uploads\/2025\/03\/ps-product-description-1-opt-180x197.jpg 180w\" sizes=\"(max-width: 310px) 100vw, 310px\" \/>\n\t\t\t\t\t\t\t\t\t\t\t\t\t<\/a>\n\t\t\t\t\t\t\t\t\t\t\t<\/div>\n\t\t\t\t\t\t\t\t\t\t\t\t\t\t\t\t\t\t<\/div>\n\t\t\t\t\t<\/div>\n\t\t\t\t\t\t<\/div>\n\t\t\t\t<\/div>\n\t\t\t\t<div class=\"elementor-element elementor-element-23ed244e elementor-widget elementor-widget-wd_text_block\" data-id=\"23ed244e\" data-element_type=\"widget\" data-widget_type=\"wd_text_block.default\">\n\t\t\t\t<div class=\"elementor-widget-container\">\n\t\t\t\t\t\t\t<div class=\"wd-text-block reset-last-child text-left\">\n\t\t\t\n\t\t\t<p>Mantendo os ombros drop e o caimento boxy da nossa linha oversized, a vers\u00e3o cropped traz comprimento propositalmente mais curto \u2014 ainda acima da m\u00e9dia \u2014 para destacar a cintura com atitude sem apertar o corpo. As mangas largas e a barra refor\u00e7ada garantem o mesmo conforto e fluidez, enquanto a altura reduzida cria um visual despojado e moderno. Para o fit perfeito, escolha seu tamanho habitual: n\u00e3o \u00e9 preciso subir de numera\u00e7\u00e3o para garantir o look soltinho e o caimento ideal.<\/p>\n\t\t\t\t\t<\/div>\n\t\t\t\t\t\t<\/div>\n\t\t\t\t<\/div>\n\t\t\t\t<\/div>\n\t\t\t\t<\/div>\n\t\t\t\t\t<\/div>\n\t\t\t\t<\/div>\n\t\t\t\t<\/div>\n\t\t","protected":false},"excerpt":{"rendered":"<p>Na parte frontal, a frase \u201c\u73fe\u5b9f\uff1d\u5e7b\u60f3\u201d (realidade\u202f=\u202filus\u00e3o) joga luz sobre seu genjutsu lend\u00e1rio, lembrando que a mente \u00e9 o campo de batalha mais poderoso. Atr\u00e1s, o anel vermelho com o kanji \u201c\u6731\u201d (vermelh\u00e3o) simboliza reden\u00e7\u00e3o \u2014 um tributo ao irm\u00e3o que sacrificou tudo para proteger a verdade. Esta camiseta captura a dualidade de Itachi: mestre da ilus\u00e3o e guardi\u00e3o silencioso da paz.<\/p>\n","protected":false},"featured_media":1725,"comment_status":"open","ping_status":"closed","template":"","meta":[],"product_brand":[],"product_cat":[42,19],"product_tag":[55],"class_list":{"0":"post-1108","1":"product","2":"type-product","3":"status-publish","4":"has-post-thumbnail","6":"product_cat-cropped","7":"product_cat-itachi","8":"product_tag-itachi","10":"first","11":"instock","12":"sale","13":"shipping-taxable","14":"purchasable","15":"product-type-variable"},"jetpack_sharing_enabled":true,"_links":{"self":[{"href":"https:\/\/killerbee.com.br\/index.php?rest_route=\/wp\/v2\/product\/1108","targetHints":{"allow":["GET"]}}],"collection":[{"href":"https:\/\/killerbee.com.br\/index.php?rest_route=\/wp\/v2\/product"}],"about":[{"href":"https:\/\/killerbee.com.br\/index.php?rest_route=\/wp\/v2\/types\/product"}],"replies":[{"embeddable":true,"href":"https:\/\/killerbee.com.br\/index.php?rest_route=%2Fwp%2Fv2%2Fcomments&post=1108"}],"version-history":[{"count":5,"href":"https:\/\/killerbee.com.br\/index.php?rest_route=\/wp\/v2\/product\/1108\/revisions"}],"predecessor-version":[{"id":1513,"href":"https:\/\/killerbee.com.br\/index.php?rest_route=\/wp\/v2\/product\/1108\/revisions\/1513"}],"wp:featuredmedia":[{"embeddable":true,"href":"https:\/\/killerbee.com.br\/index.php?rest_route=\/wp\/v2\/media\/1725"}],"wp:attachment":[{"href":"https:\/\/killerbee.com.br\/index.php?rest_route=%2Fwp%2Fv2%2Fmedia&parent=1108"}],"wp:term":[{"taxonomy":"product_brand","embeddable":true,"href":"https:\/\/killerbee.com.br\/index.php?rest_route=%2Fwp%2Fv2%2Fproduct_brand&post=1108"},{"taxonomy":"product_cat","embeddable":true,"href":"https:\/\/killerbee.com.br\/index.php?rest_route=%2Fwp%2Fv2%2Fproduct_cat&post=1108"},{"taxonomy":"product_tag","embeddable":true,"href":"https:\/\/killerbee.com.br\/index.php?rest_route=%2Fwp%2Fv2%2Fproduct_tag&post=1108"}],"curies":[{"name":"wp","href":"https:\/\/api.w.org\/{rel}","templated":true}]}}