{"id":70,"date":"2025-03-21T13:56:55","date_gmt":"2025-03-21T13:56:55","guid":{"rendered":"https:\/\/dummy.xtemos.com\/woodmart2\/t-shirts-elementor\/?page_id=70"},"modified":"2025-11-12T16:43:21","modified_gmt":"2025-11-12T19:43:21","slug":"sobre-nos","status":"publish","type":"page","link":"https:\/\/killerbee.com.br\/?page_id=70","title":{"rendered":"Sobre Nos"},"content":{"rendered":"\t\t<div data-elementor-type=\"wp-page\" data-elementor-id=\"70\" class=\"elementor elementor-70\" data-elementor-post-type=\"page\">\n\t\t\t\t<div class=\"wd-negative-gap elementor-element elementor-element-ffd60bf e-flex e-con-boxed e-con e-parent\" data-id=\"ffd60bf\" data-element_type=\"container\">\n\t\t\t\t\t<div class=\"e-con-inner\">\n\t\t<div class=\"elementor-element elementor-element-ffa211a e-con-full e-flex e-con e-child\" data-id=\"ffa211a\" data-element_type=\"container\">\n\t\t\t\t<div class=\"elementor-element elementor-element-4f7d0e4 elementor-widget elementor-widget-image\" data-id=\"4f7d0e4\" data-element_type=\"widget\" data-widget_type=\"image.default\">\n\t\t\t\t\t\t\t\t\t\t\t\t\t\t\t<img fetchpriority=\"high\" decoding=\"async\" width=\"533\" height=\"800\" src=\"https:\/\/killerbee.com.br\/wp-content\/uploads\/2025\/08\/MG_9714-533x800.jpg\" class=\"attachment-large size-large wp-image-1594\" alt=\"\" srcset=\"https:\/\/killerbee.com.br\/wp-content\/uploads\/2025\/08\/MG_9714-533x800.jpg 533w, https:\/\/killerbee.com.br\/wp-content\/uploads\/2025\/08\/MG_9714-200x300.jpg 200w, https:\/\/killerbee.com.br\/wp-content\/uploads\/2025\/08\/MG_9714-768x1152.jpg 768w, https:\/\/killerbee.com.br\/wp-content\/uploads\/2025\/08\/MG_9714-1024x1536.jpg 1024w, https:\/\/killerbee.com.br\/wp-content\/uploads\/2025\/08\/MG_9714-1365x2048.jpg 1365w, https:\/\/killerbee.com.br\/wp-content\/uploads\/2025\/08\/MG_9714-430x645.jpg 430w, https:\/\/killerbee.com.br\/wp-content\/uploads\/2025\/08\/MG_9714-700x1050.jpg 700w, https:\/\/killerbee.com.br\/wp-content\/uploads\/2025\/08\/MG_9714-180x270.jpg 180w, https:\/\/killerbee.com.br\/wp-content\/uploads\/2025\/08\/MG_9714-scaled-400x600.jpg 400w, https:\/\/killerbee.com.br\/wp-content\/uploads\/2025\/08\/MG_9714-scaled.jpg 1707w\" sizes=\"(max-width: 533px) 100vw, 533px\" \/>\t\t\t\t\t\t\t\t\t\t\t\t\t\t\t<\/div>\n\t\t\t\t<\/div>\n\t\t<div class=\"elementor-element elementor-element-ff149bf e-con-full e-flex e-con e-child\" data-id=\"ff149bf\" data-element_type=\"container\">\n\t\t\t\t<div class=\"elementor-element elementor-element-e1c0f77 wd-width-100 elementor-widget elementor-widget-wd_title\" data-id=\"e1c0f77\" data-element_type=\"widget\" data-widget_type=\"wd_title.default\">\n\t\t\t\t<div class=\"elementor-widget-container\">\n\t\t\t\t\t\t\t<div class=\"title-wrapper wd-set-mb reset-last-child wd-title-color-default wd-title-style-default wd-title-size-extra-large text-left\">\n\n\t\t\t\t\t\t\t\t\t\t\t<div class=\"title-subtitle subtitle-color-default subtitle-style-default wd-fontsize-m\">\n\t\t\t\t\tQuem somos\t\t\t\t<\/div>\n\t\t\t\n\t\t\t<div class=\"liner-continer\">\n\t\t\t\t<h1 class=\"woodmart-title-container title wd-fontsize-xxxl wd-underline-colored\">Onde a paix\u00e3o por anime vira<\/h1> \n\t\t\t\t\t\t\t<\/div>\n\n\t\t\t\t\t<\/div>\n\t\t\t\t\t\t<\/div>\n\t\t\t\t<\/div>\n\t\t\t\t<div class=\"elementor-element elementor-element-ffe5a46 elementor-widget__width-auto elementor-widget elementor-widget-wd_text_block\" data-id=\"ffe5a46\" data-element_type=\"widget\" data-widget_type=\"wd_text_block.default\">\n\t\t\t\t<div class=\"elementor-widget-container\">\n\t\t\t\t\t\t\t<div class=\"wd-text-block reset-last-child text-left\">\n\t\t\t\n\t\t\t<p>estilo aut\u00eantico<\/p>\n\t\t\t\t\t<\/div>\n\t\t\t\t\t\t<\/div>\n\t\t\t\t<\/div>\n\t\t\t\t<div class=\"elementor-element elementor-element-81eed9c elementor-widget elementor-widget-wd_text_block\" data-id=\"81eed9c\" data-element_type=\"widget\" data-widget_type=\"wd_text_block.default\">\n\t\t\t\t<div class=\"elementor-widget-container\">\n\t\t\t\t\t\t\t<div class=\"wd-text-block reset-last-child text-left\">\n\t\t\t\n\t\t\t<p data-start=\"0\" data-end=\"109\">Nossa <strong>miss\u00e3o \u00e9 simples:<\/strong> <strong>traduzir o universo anime<\/strong> em pe\u00e7as cheias de <strong>personalidade, conforto e exclusividade.<\/strong><\/p><p data-start=\"111\" data-end=\"318\">Cada camiseta \u00e9 criada para <strong>refletir sua paix\u00e3o pelo anime<\/strong> em cada detalhe. As estampas, <strong>carregadas de refer\u00eancias,<\/strong> s\u00e3o pequenos segredos compartilhados apenas por <strong>quem entende a magia por tr\u00e1s de cada cena.<\/strong><\/p><p data-start=\"320\" data-end=\"595\">N\u00e3o oferecemos apenas roupas, mas um convite para <strong>mostrar quem voc\u00ea \u00e9 sem precisar se explicar.<\/strong> A <strong>modelagem valoriza seus movimentos<\/strong> e a aten\u00e7\u00e3o aos detalhes - do alinhamento perfeito das costuras ao peso ideal do tecido - <strong>refor\u00e7a a confian\u00e7a de vestir algo feito para durar.<\/strong><\/p><p data-start=\"597\" data-end=\"899\" data-is-last-node=\"\" data-is-only-node=\"\">Aqui, cada lan\u00e7amento chega como uma celebra\u00e7\u00e3o de conquistas silenciosas: aquela vit\u00f3ria de reconhecer que voc\u00ea pode <strong>unir estilo e paix\u00e3o sem medo de julgamentos.<\/strong> Pronto para vestir mais do que uma pe\u00e7a? Descubra as pe\u00e7as da Killer\u202fBee e <strong>fa\u00e7a parte de um cl\u00e3<\/strong> em que<strong> autenticidade e ousadia andam juntas.<\/strong><\/p>\n\t\t\t\t\t<\/div>\n\t\t\t\t\t\t<\/div>\n\t\t\t\t<\/div>\n\t\t\t\t<\/div>\n\t\t\t\t\t<\/div>\n\t\t\t\t<\/div>\n\t\t<div class=\"wd-negative-gap elementor-element elementor-element-c5a6a46 e-grid e-con-boxed e-con e-parent\" data-id=\"c5a6a46\" data-element_type=\"container\">\n\t\t\t\t\t<div class=\"e-con-inner\">\n\t\t\t\t<div class=\"elementor-element elementor-element-27b05e3 elementor-widget elementor-widget-wd_infobox\" data-id=\"27b05e3\" data-element_type=\"widget\" data-widget_type=\"wd_infobox.default\">\n\t\t\t\t<div class=\"elementor-widget-container\">\n\t\t\t\t\t\t\t<div class=\"info-box-wrapper\">\n\t\t\t<div class=\"wd-info-box text-center box-icon-align-top box-style-base color-scheme-\">\n\t\t\t\t\t\t\t\t\t<div class=\"box-icon-wrapper  box-with-icon box-icon-simple\">\n\t\t\t\t\t\t<div class=\"info-box-icon\">\n\t\t\t\t\t\t\t\t\t\t\t\t\t\t\t<img decoding=\"async\" width=\"100\" height=\"100\" src=\"https:\/\/killerbee.com.br\/wp-content\/uploads\/2025\/07\/Prancheta-2Favicon-100x100.png\" class=\"attachment-100x100 size-100x100\" alt=\"\" srcset=\"https:\/\/killerbee.com.br\/wp-content\/uploads\/2025\/07\/Prancheta-2Favicon-100x100.png 100w, https:\/\/killerbee.com.br\/wp-content\/uploads\/2025\/07\/Prancheta-2Favicon-430x430.png 430w, https:\/\/killerbee.com.br\/wp-content\/uploads\/2025\/07\/Prancheta-2Favicon-180x180.png 180w, https:\/\/killerbee.com.br\/wp-content\/uploads\/2025\/07\/Prancheta-2Favicon-700x700.png 700w, https:\/\/killerbee.com.br\/wp-content\/uploads\/2025\/07\/Prancheta-2Favicon-300x300.png 300w, https:\/\/killerbee.com.br\/wp-content\/uploads\/2025\/07\/Prancheta-2Favicon-800x800.png 800w, https:\/\/killerbee.com.br\/wp-content\/uploads\/2025\/07\/Prancheta-2Favicon-150x150.png 150w, https:\/\/killerbee.com.br\/wp-content\/uploads\/2025\/07\/Prancheta-2Favicon-768x768.png 768w, https:\/\/killerbee.com.br\/wp-content\/uploads\/2025\/07\/Prancheta-2Favicon-64x64.png 64w, https:\/\/killerbee.com.br\/wp-content\/uploads\/2025\/07\/Prancheta-2Favicon-80x80.png 80w, https:\/\/killerbee.com.br\/wp-content\/uploads\/2025\/07\/Prancheta-2Favicon-70x70.png 70w, https:\/\/killerbee.com.br\/wp-content\/uploads\/2025\/07\/Prancheta-2Favicon-90x90.png 90w, https:\/\/killerbee.com.br\/wp-content\/uploads\/2025\/07\/Prancheta-2Favicon.png 1025w\" sizes=\"(max-width: 100px) 100vw, 100px\" \/>\t\t\t\t\t\t\t\t\t\t\t\t\t<\/div>\n\t\t\t\t\t<\/div>\n\t\t\t\t\n\t\t\t\t<div class=\"info-box-content\">\n\t\t\t\t\t\n\t\t\t\t\t\t\t\t\t\t\t<h4\t\t\t\t\t\tclass=\"info-box-title title box-title-style-default wd-fontsize-m\" data-elementor-setting-key=\"title\">\n\t\t\t\t\t\t\t\tIdentidade em Estampa\t\t\t\t\t\t<\/h4>\n\t\t\t\t\t\n\t\t\t\t\t<div class=\"info-box-inner reset-last-child\"data-elementor-setting-key=\"content\"><p>Cada estampa nasce da convic\u00e7\u00e3o de que o universo anime inspira coragem e identidade. <strong>Transformamos s\u00edmbolos queridos em pe\u00e7as que se adaptam ao seu cotidiano,<\/strong> permitindo que voc\u00ea carregue no peito a for\u00e7a de ser quem \u00e9, sem precisar se explicar.<\/p>\n<\/div>\n\n\t\t\t\t\t\t\t\t\t<\/div>\n\n\t\t\t\t\t\t\t<\/div>\n\t\t<\/div>\n\t\t\t\t\t\t<\/div>\n\t\t\t\t<\/div>\n\t\t\t\t<div class=\"elementor-element elementor-element-fec1ed2 elementor-widget elementor-widget-wd_infobox\" data-id=\"fec1ed2\" data-element_type=\"widget\" data-widget_type=\"wd_infobox.default\">\n\t\t\t\t<div class=\"elementor-widget-container\">\n\t\t\t\t\t\t\t<div class=\"info-box-wrapper\">\n\t\t\t<div class=\"wd-info-box text-center box-icon-align-top box-style-base color-scheme-\">\n\t\t\t\t\t\t\t\t\t<div class=\"box-icon-wrapper  box-with-icon box-icon-simple\">\n\t\t\t\t\t\t<div class=\"info-box-icon\">\n\t\t\t\t\t\t\t\t\t\t\t\t\t\t\t<img decoding=\"async\" width=\"100\" height=\"100\" src=\"https:\/\/killerbee.com.br\/wp-content\/uploads\/2025\/07\/Prancheta-2Favicon-100x100.png\" class=\"attachment-100x100 size-100x100\" alt=\"\" srcset=\"https:\/\/killerbee.com.br\/wp-content\/uploads\/2025\/07\/Prancheta-2Favicon-100x100.png 100w, https:\/\/killerbee.com.br\/wp-content\/uploads\/2025\/07\/Prancheta-2Favicon-430x430.png 430w, https:\/\/killerbee.com.br\/wp-content\/uploads\/2025\/07\/Prancheta-2Favicon-180x180.png 180w, https:\/\/killerbee.com.br\/wp-content\/uploads\/2025\/07\/Prancheta-2Favicon-700x700.png 700w, https:\/\/killerbee.com.br\/wp-content\/uploads\/2025\/07\/Prancheta-2Favicon-300x300.png 300w, https:\/\/killerbee.com.br\/wp-content\/uploads\/2025\/07\/Prancheta-2Favicon-800x800.png 800w, https:\/\/killerbee.com.br\/wp-content\/uploads\/2025\/07\/Prancheta-2Favicon-150x150.png 150w, https:\/\/killerbee.com.br\/wp-content\/uploads\/2025\/07\/Prancheta-2Favicon-768x768.png 768w, https:\/\/killerbee.com.br\/wp-content\/uploads\/2025\/07\/Prancheta-2Favicon-64x64.png 64w, https:\/\/killerbee.com.br\/wp-content\/uploads\/2025\/07\/Prancheta-2Favicon-80x80.png 80w, https:\/\/killerbee.com.br\/wp-content\/uploads\/2025\/07\/Prancheta-2Favicon-70x70.png 70w, https:\/\/killerbee.com.br\/wp-content\/uploads\/2025\/07\/Prancheta-2Favicon-90x90.png 90w, https:\/\/killerbee.com.br\/wp-content\/uploads\/2025\/07\/Prancheta-2Favicon.png 1025w\" sizes=\"(max-width: 100px) 100vw, 100px\" \/>\t\t\t\t\t\t\t\t\t\t\t\t\t<\/div>\n\t\t\t\t\t<\/div>\n\t\t\t\t\n\t\t\t\t<div class=\"info-box-content\">\n\t\t\t\t\t\n\t\t\t\t\t\t\t\t\t\t\t<h4\t\t\t\t\t\tclass=\"info-box-title title box-title-style-default wd-fontsize-m\" data-elementor-setting-key=\"title\">\n\t\t\t\t\t\t\t\tLideran\u00e7a em Design\t\t\t\t\t\t<\/h4>\n\t\t\t\t\t\n\t\t\t\t\t<div class=\"info-box-inner reset-last-child\"data-elementor-setting-key=\"content\"><p>Estamos sempre \u00e0 frente, <strong>combinando refer\u00eancias cl\u00e1ssicas e inova\u00e7\u00f5es do streetwear anime<\/strong>. Com pesquisas, parcerias criativas e aten\u00e7\u00e3o aos detalhes, antecipamos tend\u00eancias e desenhamos a pr\u00f3xima gera\u00e7\u00e3o de looks que marcar\u00e3o \u00e9poca.<\/p>\n<\/div>\n\n\t\t\t\t\t\t\t\t\t<\/div>\n\n\t\t\t\t\t\t\t<\/div>\n\t\t<\/div>\n\t\t\t\t\t\t<\/div>\n\t\t\t\t<\/div>\n\t\t\t\t<div class=\"elementor-element elementor-element-98513c2 elementor-widget elementor-widget-wd_infobox\" data-id=\"98513c2\" data-element_type=\"widget\" data-widget_type=\"wd_infobox.default\">\n\t\t\t\t<div class=\"elementor-widget-container\">\n\t\t\t\t\t\t\t<div class=\"info-box-wrapper\">\n\t\t\t<div class=\"wd-info-box text-center box-icon-align-top box-style-base color-scheme-\">\n\t\t\t\t\t\t\t\t\t<div class=\"box-icon-wrapper  box-with-icon box-icon-simple\">\n\t\t\t\t\t\t<div class=\"info-box-icon\">\n\t\t\t\t\t\t\t\t\t\t\t\t\t\t\t<img decoding=\"async\" width=\"100\" height=\"100\" src=\"https:\/\/killerbee.com.br\/wp-content\/uploads\/2025\/07\/Prancheta-2Favicon-100x100.png\" class=\"attachment-100x100 size-100x100\" alt=\"\" srcset=\"https:\/\/killerbee.com.br\/wp-content\/uploads\/2025\/07\/Prancheta-2Favicon-100x100.png 100w, https:\/\/killerbee.com.br\/wp-content\/uploads\/2025\/07\/Prancheta-2Favicon-430x430.png 430w, https:\/\/killerbee.com.br\/wp-content\/uploads\/2025\/07\/Prancheta-2Favicon-180x180.png 180w, https:\/\/killerbee.com.br\/wp-content\/uploads\/2025\/07\/Prancheta-2Favicon-700x700.png 700w, https:\/\/killerbee.com.br\/wp-content\/uploads\/2025\/07\/Prancheta-2Favicon-300x300.png 300w, https:\/\/killerbee.com.br\/wp-content\/uploads\/2025\/07\/Prancheta-2Favicon-800x800.png 800w, https:\/\/killerbee.com.br\/wp-content\/uploads\/2025\/07\/Prancheta-2Favicon-150x150.png 150w, https:\/\/killerbee.com.br\/wp-content\/uploads\/2025\/07\/Prancheta-2Favicon-768x768.png 768w, https:\/\/killerbee.com.br\/wp-content\/uploads\/2025\/07\/Prancheta-2Favicon-64x64.png 64w, https:\/\/killerbee.com.br\/wp-content\/uploads\/2025\/07\/Prancheta-2Favicon-80x80.png 80w, https:\/\/killerbee.com.br\/wp-content\/uploads\/2025\/07\/Prancheta-2Favicon-70x70.png 70w, https:\/\/killerbee.com.br\/wp-content\/uploads\/2025\/07\/Prancheta-2Favicon-90x90.png 90w, https:\/\/killerbee.com.br\/wp-content\/uploads\/2025\/07\/Prancheta-2Favicon.png 1025w\" sizes=\"(max-width: 100px) 100vw, 100px\" \/>\t\t\t\t\t\t\t\t\t\t\t\t\t<\/div>\n\t\t\t\t\t<\/div>\n\t\t\t\t\n\t\t\t\t<div class=\"info-box-content\">\n\t\t\t\t\t\n\t\t\t\t\t\t\t\t\t\t\t<h4\t\t\t\t\t\tclass=\"info-box-title title box-title-style-default wd-fontsize-m\" data-elementor-setting-key=\"title\">\n\t\t\t\t\t\t\t\tPoder do Cl\u00e3\t\t\t\t\t\t<\/h4>\n\t\t\t\t\t\n\t\t\t\t\t<div class=\"info-box-inner reset-last-child\"data-elementor-setting-key=\"content\"><p><strong>A Killer Bee cresce junto com seu cl\u00e3:<\/strong> por isso, escolhemos materiais respons\u00e1veis, processos transparentes e um di\u00e1logo constante com a nossa comunidade. Cada decis\u00e3o reflete o respeito m\u00fatuo e a paix\u00e3o compartilhada que nos une.<\/p>\n<\/div>\n\n\t\t\t\t\t\t\t\t\t<\/div>\n\n\t\t\t\t\t\t\t<\/div>\n\t\t<\/div>\n\t\t\t\t\t\t<\/div>\n\t\t\t\t<\/div>\n\t\t\t\t\t<\/div>\n\t\t\t\t<\/div>\n\t\t<div class=\"wd-negative-gap elementor-element elementor-element-0c7ec7a wd-section-stretch-content e-flex e-con-boxed e-con e-parent\" data-id=\"0c7ec7a\" data-element_type=\"container\">\n\t\t\t\t\t<div class=\"e-con-inner\">\n\t\t\t\t<div class=\"elementor-element elementor-element-a5bc5b0 wd-width-100 elementor-widget elementor-widget-wd_images_gallery\" data-id=\"a5bc5b0\" data-element_type=\"widget\" data-widget_type=\"wd_images_gallery.default\">\n\t\t\t\t<div class=\"elementor-widget-container\">\n\t\t\t\t\t\t\t<div class=\"wd-images-gallery wd-carousel-container\" style=\"--wd-align-items:center; --wd-justify-content:center;\">\n\t\t\t\t\t\t\t<div class=\"wd-carousel-inner\">\n\t\t\t\t\t\t<div class=\"wd-carousel wd-grid\" data-scroll_per_page=\"yes\" style=\"--wd-col-lg:4;--wd-col-md:3;--wd-col-sm:1;--wd-gap-lg:20px;--wd-gap-sm:10px;\">\n\t\t\t\t\t\t\t\t\t<div class=\"wd-carousel-wrap\">\n\t\t\t\t\t\t\t\t\t\t\t\t\t\t\t\t\t\t<div class=\"wd-gallery-item wd-carousel-item\">\n\t\t\t\t\t\t\n\t\t\t\t\t\t<img decoding=\"async\" width=\"1707\" height=\"2560\" src=\"https:\/\/killerbee.com.br\/wp-content\/uploads\/2025\/08\/MG_9980-scaled.jpg\" class=\"attachment-full size-full\" alt=\"_MG_9980\" srcset=\"https:\/\/killerbee.com.br\/wp-content\/uploads\/2025\/08\/MG_9980-scaled.jpg 1707w, https:\/\/killerbee.com.br\/wp-content\/uploads\/2025\/08\/MG_9980-200x300.jpg 200w, https:\/\/killerbee.com.br\/wp-content\/uploads\/2025\/08\/MG_9980-533x800.jpg 533w, https:\/\/killerbee.com.br\/wp-content\/uploads\/2025\/08\/MG_9980-768x1152.jpg 768w, https:\/\/killerbee.com.br\/wp-content\/uploads\/2025\/08\/MG_9980-1024x1536.jpg 1024w, https:\/\/killerbee.com.br\/wp-content\/uploads\/2025\/08\/MG_9980-1365x2048.jpg 1365w, https:\/\/killerbee.com.br\/wp-content\/uploads\/2025\/08\/MG_9980-430x645.jpg 430w, https:\/\/killerbee.com.br\/wp-content\/uploads\/2025\/08\/MG_9980-700x1050.jpg 700w, https:\/\/killerbee.com.br\/wp-content\/uploads\/2025\/08\/MG_9980-180x270.jpg 180w\" sizes=\"(max-width: 1707px) 100vw, 1707px\" \/>\n\t\t\t\t\t\t\t\t\t\t\t<\/div>\n\t\t\t\t\t\t\t\t\t\t\t\t\t\t\t<div class=\"wd-gallery-item wd-carousel-item\">\n\t\t\t\t\t\t\n\t\t\t\t\t\t<img loading=\"lazy\" decoding=\"async\" width=\"1707\" height=\"2560\" src=\"https:\/\/killerbee.com.br\/wp-content\/uploads\/2025\/08\/MG_9708-scaled.jpg\" class=\"attachment-full size-full\" alt=\"_MG_9708\" srcset=\"https:\/\/killerbee.com.br\/wp-content\/uploads\/2025\/08\/MG_9708-scaled.jpg 1707w, https:\/\/killerbee.com.br\/wp-content\/uploads\/2025\/08\/MG_9708-200x300.jpg 200w, https:\/\/killerbee.com.br\/wp-content\/uploads\/2025\/08\/MG_9708-533x800.jpg 533w, https:\/\/killerbee.com.br\/wp-content\/uploads\/2025\/08\/MG_9708-768x1152.jpg 768w, https:\/\/killerbee.com.br\/wp-content\/uploads\/2025\/08\/MG_9708-1024x1536.jpg 1024w, https:\/\/killerbee.com.br\/wp-content\/uploads\/2025\/08\/MG_9708-1365x2048.jpg 1365w, https:\/\/killerbee.com.br\/wp-content\/uploads\/2025\/08\/MG_9708-430x645.jpg 430w, https:\/\/killerbee.com.br\/wp-content\/uploads\/2025\/08\/MG_9708-700x1050.jpg 700w, https:\/\/killerbee.com.br\/wp-content\/uploads\/2025\/08\/MG_9708-180x270.jpg 180w\" sizes=\"(max-width: 1707px) 100vw, 1707px\" \/>\n\t\t\t\t\t\t\t\t\t\t\t<\/div>\n\t\t\t\t\t\t\t\t\t\t\t\t\t\t\t<div class=\"wd-gallery-item wd-carousel-item\">\n\t\t\t\t\t\t\n\t\t\t\t\t\t<img loading=\"lazy\" decoding=\"async\" width=\"1707\" height=\"2560\" src=\"https:\/\/killerbee.com.br\/wp-content\/uploads\/2025\/08\/MG_9714-scaled.jpg\" class=\"attachment-full size-full\" alt=\"_MG_9714\" srcset=\"https:\/\/killerbee.com.br\/wp-content\/uploads\/2025\/08\/MG_9714-scaled.jpg 1707w, https:\/\/killerbee.com.br\/wp-content\/uploads\/2025\/08\/MG_9714-200x300.jpg 200w, https:\/\/killerbee.com.br\/wp-content\/uploads\/2025\/08\/MG_9714-533x800.jpg 533w, https:\/\/killerbee.com.br\/wp-content\/uploads\/2025\/08\/MG_9714-768x1152.jpg 768w, https:\/\/killerbee.com.br\/wp-content\/uploads\/2025\/08\/MG_9714-1024x1536.jpg 1024w, https:\/\/killerbee.com.br\/wp-content\/uploads\/2025\/08\/MG_9714-1365x2048.jpg 1365w, https:\/\/killerbee.com.br\/wp-content\/uploads\/2025\/08\/MG_9714-430x645.jpg 430w, https:\/\/killerbee.com.br\/wp-content\/uploads\/2025\/08\/MG_9714-700x1050.jpg 700w, https:\/\/killerbee.com.br\/wp-content\/uploads\/2025\/08\/MG_9714-180x270.jpg 180w, https:\/\/killerbee.com.br\/wp-content\/uploads\/2025\/08\/MG_9714-scaled-400x600.jpg 400w\" sizes=\"(max-width: 1707px) 100vw, 1707px\" \/>\n\t\t\t\t\t\t\t\t\t\t\t<\/div>\n\t\t\t\t\t\t\t\t\t\t\t\t\t\t\t<div class=\"wd-gallery-item wd-carousel-item\">\n\t\t\t\t\t\t\n\t\t\t\t\t\t<img loading=\"lazy\" decoding=\"async\" width=\"1707\" height=\"2560\" src=\"https:\/\/killerbee.com.br\/wp-content\/uploads\/2025\/08\/MG_9692-scaled.jpg\" class=\"attachment-full size-full\" alt=\"_MG_9692\" srcset=\"https:\/\/killerbee.com.br\/wp-content\/uploads\/2025\/08\/MG_9692-scaled.jpg 1707w, https:\/\/killerbee.com.br\/wp-content\/uploads\/2025\/08\/MG_9692-200x300.jpg 200w, https:\/\/killerbee.com.br\/wp-content\/uploads\/2025\/08\/MG_9692-533x800.jpg 533w, https:\/\/killerbee.com.br\/wp-content\/uploads\/2025\/08\/MG_9692-768x1152.jpg 768w, https:\/\/killerbee.com.br\/wp-content\/uploads\/2025\/08\/MG_9692-1024x1536.jpg 1024w, https:\/\/killerbee.com.br\/wp-content\/uploads\/2025\/08\/MG_9692-1365x2048.jpg 1365w, https:\/\/killerbee.com.br\/wp-content\/uploads\/2025\/08\/MG_9692-430x645.jpg 430w, https:\/\/killerbee.com.br\/wp-content\/uploads\/2025\/08\/MG_9692-700x1050.jpg 700w, https:\/\/killerbee.com.br\/wp-content\/uploads\/2025\/08\/MG_9692-180x270.jpg 180w\" sizes=\"(max-width: 1707px) 100vw, 1707px\" \/>\n\t\t\t\t\t\t\t\t\t\t\t<\/div>\n\t\t\t\t\t\t\t\t\t\t\t\t\t\t\t\t<\/div>\n\t\t\t\t\t\t\t\t<\/div>\n\t\t\t\t\t\t\t\n\t\t\t\t<\/div>\n\n\t\t\t\t\t\t<div class=\"wd-nav-pagin-wrap text-center wd-style-shape wd-hide-lg wd-hide-md-sm\">\n\t\t\t<ul class=\"wd-nav-pagin\"><\/ul>\n\t\t<\/div>\n\t\t\t\t\t\t\t\t\t\t\t<\/div>\n\t\t\t\t\t\t<\/div>\n\t\t\t\t<\/div>\n\t\t\t\t\t<\/div>\n\t\t\t\t<\/div>\n\t\t\t\t<\/div>\n\t\t","protected":false},"excerpt":{"rendered":"<p>Quem somos Onde a paix\u00e3o por anime vira estilo aut\u00eantico Nossa miss\u00e3o \u00e9 simples: traduzir o universo anime em pe\u00e7as<\/p>\n","protected":false},"author":1,"featured_media":0,"parent":0,"menu_order":0,"comment_status":"closed","ping_status":"closed","template":"","meta":{"footnotes":""},"class_list":["post-70","page","type-page","status-publish","hentry"],"jetpack_sharing_enabled":true,"_links":{"self":[{"href":"https:\/\/killerbee.com.br\/index.php?rest_route=\/wp\/v2\/pages\/70","targetHints":{"allow":["GET"]}}],"collection":[{"href":"https:\/\/killerbee.com.br\/index.php?rest_route=\/wp\/v2\/pages"}],"about":[{"href":"https:\/\/killerbee.com.br\/index.php?rest_route=\/wp\/v2\/types\/page"}],"author":[{"embeddable":true,"href":"https:\/\/killerbee.com.br\/index.php?rest_route=\/wp\/v2\/users\/1"}],"replies":[{"embeddable":true,"href":"https:\/\/killerbee.com.br\/index.php?rest_route=%2Fwp%2Fv2%2Fcomments&post=70"}],"version-history":[{"count":5,"href":"https:\/\/killerbee.com.br\/index.php?rest_route=\/wp\/v2\/pages\/70\/revisions"}],"predecessor-version":[{"id":1690,"href":"https:\/\/killerbee.com.br\/index.php?rest_route=\/wp\/v2\/pages\/70\/revisions\/1690"}],"wp:attachment":[{"href":"https:\/\/killerbee.com.br\/index.php?rest_route=%2Fwp%2Fv2%2Fmedia&parent=70"}],"curies":[{"name":"wp","href":"https:\/\/api.w.org\/{rel}","templated":true}]}}