{"id":1905,"date":"2025-11-14T14:22:12","date_gmt":"2025-11-14T17:22:12","guid":{"rendered":"https:\/\/killerbee.com.br\/?page_id=1905"},"modified":"2025-11-14T14:22:35","modified_gmt":"2025-11-14T17:22:35","slug":"politica-de-pagamento","status":"publish","type":"page","link":"https:\/\/killerbee.com.br\/?page_id=1905","title":{"rendered":"Pol\u00edtica de Pagamento"},"content":{"rendered":"\t\t<div data-elementor-type=\"wp-page\" data-elementor-id=\"1905\" class=\"elementor elementor-1905\" data-elementor-post-type=\"page\">\n\t\t\t\t<div class=\"wd-negative-gap elementor-element elementor-element-bf2ef87 e-flex e-con-boxed e-con e-parent\" data-id=\"bf2ef87\" data-element_type=\"container\">\n\t\t\t\t\t<div class=\"e-con-inner\">\n\t\t\t\t<div class=\"elementor-element elementor-element-d4a0ffe color-scheme-inherit text-left elementor-widget elementor-widget-text-editor\" data-id=\"d4a0ffe\" data-element_type=\"widget\" data-widget_type=\"text-editor.default\">\n\t\t\t\t\t\t\t\t\t<h1 data-start=\"281\" data-end=\"308\"><strong data-start=\"283\" data-end=\"308\">Pol\u00edtica de Pagamento<\/strong><\/h1><p data-start=\"310\" data-end=\"518\">A Killer Bee utiliza a <strong data-start=\"333\" data-end=\"343\">Getnet<\/strong> como processadora oficial de pagamentos.<br data-start=\"384\" data-end=\"387\" \/>Todas as transa\u00e7\u00f5es s\u00e3o criptografadas e seguem os padr\u00f5es de seguran\u00e7a PCI DSS, garantindo um processo r\u00e1pido, seguro e confi\u00e1vel.<\/p><p data-start=\"520\" data-end=\"595\">Confira abaixo as formas de pagamento dispon\u00edveis e como cada uma funciona.<\/p><hr data-start=\"597\" data-end=\"600\" \/><h2 data-start=\"602\" data-end=\"642\"><strong data-start=\"605\" data-end=\"642\">1. Cart\u00e3o de Cr\u00e9dito (via Getnet)<\/strong><\/h2><p data-start=\"644\" data-end=\"747\">Aceitamos as principais bandeiras:<br data-start=\"678\" data-end=\"681\" \/><strong data-start=\"681\" data-end=\"747\">Visa, Mastercard, Elo, American Express, Hipercard e Discover.<\/strong><\/p><h3 data-start=\"749\" data-end=\"769\"><strong data-start=\"753\" data-end=\"769\">Parcelamento<\/strong><\/h3><ul data-start=\"770\" data-end=\"872\"><li data-start=\"770\" data-end=\"809\"><p data-start=\"772\" data-end=\"809\">Parcelamos em at\u00e9 <strong data-start=\"790\" data-end=\"806\">6x sem juros<\/strong>.<\/p><\/li><li data-start=\"810\" data-end=\"872\"><p data-start=\"812\" data-end=\"872\">O valor m\u00ednimo da parcela segue as regras da pr\u00f3pria Getnet.<\/p><\/li><\/ul><h3 data-start=\"874\" data-end=\"901\"><strong data-start=\"878\" data-end=\"901\">Aprova\u00e7\u00e3o do pedido<\/strong><\/h3><ul data-start=\"902\" data-end=\"1066\"><li data-start=\"902\" data-end=\"981\"><p data-start=\"904\" data-end=\"981\">A aprova\u00e7\u00e3o do pagamento acontece automaticamente ap\u00f3s a an\u00e1lise da Getnet.<\/p><\/li><li data-start=\"982\" data-end=\"1066\"><p data-start=\"984\" data-end=\"1066\">Em alguns casos, o banco emissor pode solicitar valida\u00e7\u00e3o adicional por seguran\u00e7a.<\/p><\/li><\/ul><h3 data-start=\"1068\" data-end=\"1085\"><strong data-start=\"1072\" data-end=\"1085\">Seguran\u00e7a<\/strong><\/h3><ul data-start=\"1086\" data-end=\"1231\"><li data-start=\"1086\" data-end=\"1177\"><p data-start=\"1088\" data-end=\"1177\">A transa\u00e7\u00e3o ocorre em ambiente criptografado e protegido pela infraestrutura da Getnet.<\/p><\/li><li data-start=\"1178\" data-end=\"1231\"><p data-start=\"1180\" data-end=\"1231\">Nenhum dado de cart\u00e3o \u00e9 armazenado pela Killer Bee.<\/p><\/li><\/ul><hr data-start=\"1233\" data-end=\"1236\" \/><h2 data-start=\"1238\" data-end=\"1264\"><strong data-start=\"1241\" data-end=\"1264\">2. PIX (via Getnet)<\/strong><\/h2><p data-start=\"1266\" data-end=\"1329\">Disponibilizamos pagamento via <strong data-start=\"1297\" data-end=\"1304\">PIX<\/strong> com confirma\u00e7\u00e3o na hora.<\/p><h3 data-start=\"1331\" data-end=\"1354\"><strong data-start=\"1335\" data-end=\"1354\">Desconto no PIX<\/strong><\/h3><p data-start=\"1355\" data-end=\"1429\">Pagando no PIX voc\u00ea recebe automaticamente <strong data-start=\"1398\" data-end=\"1416\">6% de desconto<\/strong> no checkout.<\/p><h3 data-start=\"1431\" data-end=\"1450\"><strong data-start=\"1435\" data-end=\"1450\">Confirma\u00e7\u00e3o<\/strong><\/h3><ul data-start=\"1451\" data-end=\"1577\"><li data-start=\"1451\" data-end=\"1520\"><p data-start=\"1453\" data-end=\"1520\">A aprova\u00e7\u00e3o \u00e9 imediata ap\u00f3s a leitura do QR Code ou c\u00f3pia e cola.<\/p><\/li><li data-start=\"1521\" data-end=\"1577\"><p data-start=\"1523\" data-end=\"1577\">O pedido segue para separa\u00e7\u00e3o logo ap\u00f3s a confirma\u00e7\u00e3o.<\/p><\/li><\/ul><hr data-start=\"1579\" data-end=\"1582\" \/><h2 data-start=\"1584\" data-end=\"1630\"><strong data-start=\"1587\" data-end=\"1630\">3. Cart\u00e3o de D\u00e9bito (quando dispon\u00edvel)<\/strong><\/h2><p data-start=\"1632\" data-end=\"1762\">Dependendo da bandeira e do emissor, a Getnet pode habilitar pagamento no d\u00e9bito.<br data-start=\"1713\" data-end=\"1716\" \/>Nesses casos, a confirma\u00e7\u00e3o tamb\u00e9m \u00e9 imediata.<\/p><hr data-start=\"1764\" data-end=\"1767\" \/><h2 data-start=\"1769\" data-end=\"1795\"><strong data-start=\"1772\" data-end=\"1795\">4. Status do Pedido<\/strong><\/h2><p data-start=\"1797\" data-end=\"1865\">Ap\u00f3s o pagamento, voc\u00ea receber\u00e1 atualiza\u00e7\u00f5es por e-mail ou WhatsApp:<\/p><ul data-start=\"1867\" data-end=\"1965\"><li data-start=\"1867\" data-end=\"1893\"><p data-start=\"1869\" data-end=\"1893\"><strong data-start=\"1869\" data-end=\"1891\">Pagamento aprovado<\/strong><\/p><\/li><li data-start=\"1894\" data-end=\"1921\"><p data-start=\"1896\" data-end=\"1921\"><strong data-start=\"1896\" data-end=\"1919\">Pedido em separa\u00e7\u00e3o<\/strong><\/p><\/li><li data-start=\"1922\" data-end=\"1965\"><p data-start=\"1924\" data-end=\"1965\"><strong data-start=\"1924\" data-end=\"1963\">Pedido enviado + c\u00f3digo de rastreio<\/strong><\/p><\/li><\/ul><p data-start=\"1967\" data-end=\"2080\">Se o pagamento n\u00e3o for aprovado, voc\u00ea ser\u00e1 notificado para tentar novamente ou escolher outra forma de pagamento.<\/p><hr data-start=\"2082\" data-end=\"2085\" \/><h2 data-start=\"2087\" data-end=\"2131\"><strong data-start=\"2090\" data-end=\"2131\">5. Pagamento n\u00e3o aprovado ou pendente<\/strong><\/h2><p data-start=\"2133\" data-end=\"2197\">Alguns motivos comuns para reprova\u00e7\u00e3o pelo banco ou pela Getnet:<\/p><ul data-start=\"2199\" data-end=\"2324\"><li data-start=\"2199\" data-end=\"2219\"><p data-start=\"2201\" data-end=\"2219\">Dados incorretos<\/p><\/li><li data-start=\"2220\" data-end=\"2239\"><p data-start=\"2222\" data-end=\"2239\">Falta de limite<\/p><\/li><li data-start=\"2240\" data-end=\"2280\"><p data-start=\"2242\" data-end=\"2280\">Incompatibilidade com compras online<\/p><\/li><li data-start=\"2281\" data-end=\"2324\"><p data-start=\"2283\" data-end=\"2324\">Bloqueio do banco emissor por seguran\u00e7a<\/p><\/li><\/ul><p data-start=\"2326\" data-end=\"2429\">Em qualquer caso, voc\u00ea pode tentar novamente com outro cart\u00e3o ou alterar a forma de pagamento para PIX.<\/p><hr data-start=\"2431\" data-end=\"2434\" \/><h2 data-start=\"2436\" data-end=\"2469\"><strong data-start=\"2439\" data-end=\"2469\">6. Seguran\u00e7a e Privacidade<\/strong><\/h2><p data-start=\"2471\" data-end=\"2705\">A Getnet utiliza criptografia avan\u00e7ada e est\u00e1 em conformidade com padr\u00f5es internacionais de prote\u00e7\u00e3o de dados.<br data-start=\"2581\" data-end=\"2584\" \/>A Killer Bee <strong data-start=\"2597\" data-end=\"2645\">n\u00e3o tem acesso aos dados completos do cart\u00e3o<\/strong> e nunca solicita informa\u00e7\u00f5es sens\u00edveis pelos nossos canais.<\/p><hr data-start=\"2707\" data-end=\"2710\" \/><h2 data-start=\"2712\" data-end=\"2732\"><strong data-start=\"2715\" data-end=\"2732\">7. Reembolsos<\/strong><\/h2><p data-start=\"2734\" data-end=\"2803\">Reembolsos seguem as normas da Getnet e do m\u00e9todo de pagamento usado:<\/p><ul data-start=\"2805\" data-end=\"2971\"><li data-start=\"2805\" data-end=\"2848\"><p data-start=\"2807\" data-end=\"2848\"><strong data-start=\"2807\" data-end=\"2815\">PIX:<\/strong> reembolso em at\u00e9 3 dias \u00fateis.<\/p><\/li><li data-start=\"2849\" data-end=\"2971\"><p data-start=\"2851\" data-end=\"2971\"><strong data-start=\"2851\" data-end=\"2873\">Cart\u00e3o de cr\u00e9dito:<\/strong> devolu\u00e7\u00e3o no mesmo cart\u00e3o, conforme regras da administradora (pode levar de 5 a 15 dias \u00fateis).<\/p><\/li><\/ul><p data-start=\"2973\" data-end=\"3055\">O valor \u00e9 devolvido integralmente ap\u00f3s an\u00e1lise e aprova\u00e7\u00e3o do pedido de devolu\u00e7\u00e3o.<\/p>\t\t\t\t\t\t\t\t<\/div>\n\t\t\t\t\t<\/div>\n\t\t\t\t<\/div>\n\t\t\t\t<\/div>\n\t\t","protected":false},"excerpt":{"rendered":"<p>Pol\u00edtica de Pagamento A Killer Bee utiliza a Getnet como processadora oficial de pagamentos.Todas as transa\u00e7\u00f5es s\u00e3o criptografadas e seguem<\/p>\n","protected":false},"author":1,"featured_media":0,"parent":0,"menu_order":0,"comment_status":"closed","ping_status":"closed","template":"","meta":{"footnotes":""},"class_list":["post-1905","page","type-page","status-publish","hentry"],"jetpack_sharing_enabled":true,"_links":{"self":[{"href":"https:\/\/killerbee.com.br\/index.php?rest_route=\/wp\/v2\/pages\/1905","targetHints":{"allow":["GET"]}}],"collection":[{"href":"https:\/\/killerbee.com.br\/index.php?rest_route=\/wp\/v2\/pages"}],"about":[{"href":"https:\/\/killerbee.com.br\/index.php?rest_route=\/wp\/v2\/types\/page"}],"author":[{"embeddable":true,"href":"https:\/\/killerbee.com.br\/index.php?rest_route=\/wp\/v2\/users\/1"}],"replies":[{"embeddable":true,"href":"https:\/\/killerbee.com.br\/index.php?rest_route=%2Fwp%2Fv2%2Fcomments&post=1905"}],"version-history":[{"count":4,"href":"https:\/\/killerbee.com.br\/index.php?rest_route=\/wp\/v2\/pages\/1905\/revisions"}],"predecessor-version":[{"id":1909,"href":"https:\/\/killerbee.com.br\/index.php?rest_route=\/wp\/v2\/pages\/1905\/revisions\/1909"}],"wp:attachment":[{"href":"https:\/\/killerbee.com.br\/index.php?rest_route=%2Fwp%2Fv2%2Fmedia&parent=1905"}],"curies":[{"name":"wp","href":"https:\/\/api.w.org\/{rel}","templated":true}]}}