{"id":1635,"date":"2025-08-04T14:56:28","date_gmt":"2025-08-04T17:56:28","guid":{"rendered":"https:\/\/killerbee.com.br\/?page_id=1635"},"modified":"2025-11-12T18:30:52","modified_gmt":"2025-11-12T21:30:52","slug":"guia-de-tamanhos","status":"publish","type":"page","link":"https:\/\/killerbee.com.br\/?page_id=1635","title":{"rendered":"Guia de Tamanhos"},"content":{"rendered":"\t\t<div data-elementor-type=\"wp-page\" data-elementor-id=\"1635\" class=\"elementor elementor-1635\" data-elementor-post-type=\"page\">\n\t\t\t\t<div class=\"wd-negative-gap elementor-element elementor-element-04739b1 e-flex e-con-boxed e-con e-parent\" data-id=\"04739b1\" data-element_type=\"container\">\n\t\t\t\t\t<div class=\"e-con-inner\">\n\t\t<div class=\"elementor-element elementor-element-72f6955 e-con-full e-flex e-con e-child\" data-id=\"72f6955\" data-element_type=\"container\">\n\t\t<div class=\"elementor-element elementor-element-e8c1169 e-con-full e-flex e-con e-child\" data-id=\"e8c1169\" data-element_type=\"container\">\n\t\t<div class=\"elementor-element elementor-element-5de180d e-con-full e-flex e-con e-child\" data-id=\"5de180d\" data-element_type=\"container\">\n\t\t\t\t<div class=\"elementor-element elementor-element-4bc215b wd-width-100 elementor-widget elementor-widget-wd_title\" data-id=\"4bc215b\" data-element_type=\"widget\" data-widget_type=\"wd_title.default\">\n\t\t\t\t<div class=\"elementor-widget-container\">\n\t\t\t\t\t\t\t<div class=\"title-wrapper wd-set-mb reset-last-child wd-title-color-default wd-title-style-default wd-title-size-default text-left\">\n\n\t\t\t\n\t\t\t<div class=\"liner-continer\">\n\t\t\t\t<h4 class=\"woodmart-title-container title wd-fontsize-l\">Como escolher o seu tamanho<br \/>\n<\/h4> \n\t\t\t\t\t\t\t<\/div>\n\n\t\t\t\t\t<\/div>\n\t\t\t\t\t\t<\/div>\n\t\t\t\t<\/div>\n\t\t\t\t<div class=\"elementor-element elementor-element-b47fdc6 color-scheme-inherit text-left elementor-widget elementor-widget-text-editor\" data-id=\"b47fdc6\" data-element_type=\"widget\" data-widget_type=\"text-editor.default\">\n\t\t\t\t\t\t\t\t\t<article class=\"text-token-text-primary w-full focus:outline-none scroll-mt-[calc(var(--header-height)+min(200px,max(70px,20svh)))]\" dir=\"auto\" tabindex=\"-1\" data-testid=\"conversation-turn-132\" data-scroll-anchor=\"true\" data-turn=\"assistant\"><div class=\"text-base my-auto mx-auto pb-10 [--thread-content-margin:--spacing(4)] @[37rem]:[--thread-content-margin:--spacing(6)] @[72rem]:[--thread-content-margin:--spacing(16)] px-(--thread-content-margin)\"><div class=\"[--thread-content-max-width:32rem] @[34rem]:[--thread-content-max-width:40rem] @[64rem]:[--thread-content-max-width:48rem] mx-auto max-w-(--thread-content-max-width) flex-1 group\/turn-messages focus-visible:outline-hidden relative flex w-full min-w-0 flex-col agent-turn\" tabindex=\"-1\"><div class=\"flex max-w-full flex-col grow\"><div class=\"min-h-8 text-message relative flex w-full flex-col items-end gap-2 text-start break-words whitespace-normal [.text-message+&amp;]:mt-5\" dir=\"auto\" data-message-author-role=\"assistant\" data-message-id=\"26bb6034-b5de-48b8-a4ea-15fd5df90673\" data-message-model-slug=\"o4-mini-high\"><div class=\"flex w-full flex-col gap-1 empty:hidden first:pt-[3px]\"><div class=\"markdown prose dark:prose-invert w-full break-words light\"><p data-start=\"33\" data-end=\"248\">A modelagem oversized da Killer Bee j\u00e1 foi pensada para servir perfeitamente na sua <strong data-start=\"117\" data-end=\"139\">numera\u00e7\u00e3o habitual<\/strong>, garantindo o caimento solto e confort\u00e1vel que voc\u00ea procura, sem necessidade de escolher um n\u00famero maior.<\/p><p data-start=\"250\" data-end=\"326\">Se preferir confirmar antes de finalizar a compra, siga este m\u00e9todo simples:<\/p><ol data-start=\"328\" data-end=\"621\"><li data-start=\"328\" data-end=\"395\"><p data-start=\"331\" data-end=\"395\"><strong data-start=\"331\" data-end=\"361\">Pegue uma camiseta <\/strong>que voc\u00ea j\u00e1 use e goste do fit.<\/p><\/li><li data-start=\"396\" data-end=\"501\"><p data-start=\"399\" data-end=\"501\"><strong data-start=\"399\" data-end=\"439\">Estenda-a sobre uma superf\u00edcie plana<\/strong> e me\u00e7a a largura, de costura a costura, na altura do peito.<\/p><\/li><li data-start=\"502\" data-end=\"621\"><p data-start=\"505\" data-end=\"621\"><strong data-start=\"505\" data-end=\"516\">Compare<\/strong> esse valor com a nossa tabela de medidas e escolha <strong data-start=\"588\" data-end=\"602\">exatamente<\/strong> o mesmo tamanho.<\/p><\/li><\/ol><p data-start=\"623\" data-end=\"721\" data-is-last-node=\"\" data-is-only-node=\"\">Dessa forma, voc\u00ea mant\u00e9m o estilo oversized aut\u00eantico da Killer Bee e evita trocas desnecess\u00e1rias.<\/p><\/div><\/div><\/div><\/div><\/div><\/div><\/article>\t\t\t\t\t\t\t\t<\/div>\n\t\t\t\t<\/div>\n\t\t\t\t<\/div>\n\t\t\t\t<\/div>\n\t\t\t\t\t<\/div>\n\t\t\t\t<\/div>\n\t\t<div class=\"wd-negative-gap elementor-element elementor-element-f5fc121 e-flex e-con-boxed e-con e-parent\" data-id=\"f5fc121\" data-element_type=\"container\">\n\t\t\t\t\t<div class=\"e-con-inner\">\n\t\t<div class=\"elementor-element elementor-element-ba1ec3f e-con-full e-flex e-con e-child\" data-id=\"ba1ec3f\" data-element_type=\"container\">\n\t\t\t\t<div class=\"elementor-element elementor-element-852ab4d elementor-widget elementor-widget-image\" data-id=\"852ab4d\" data-element_type=\"widget\" data-widget_type=\"image.default\">\n\t\t\t\t\t\t\t\t\t\t\t\t\t\t\t<img fetchpriority=\"high\" decoding=\"async\" width=\"973\" height=\"800\" src=\"https:\/\/killerbee.com.br\/wp-content\/uploads\/2025\/07\/Prancheta-1-3-973x800.png\" class=\"attachment-large size-large wp-image-1691\" alt=\"\" srcset=\"https:\/\/killerbee.com.br\/wp-content\/uploads\/2025\/07\/Prancheta-1-3-973x800.png 973w, https:\/\/killerbee.com.br\/wp-content\/uploads\/2025\/07\/Prancheta-1-3-365x300.png 365w, https:\/\/killerbee.com.br\/wp-content\/uploads\/2025\/07\/Prancheta-1-3-768x632.png 768w, https:\/\/killerbee.com.br\/wp-content\/uploads\/2025\/07\/Prancheta-1-3-430x354.png 430w, https:\/\/killerbee.com.br\/wp-content\/uploads\/2025\/07\/Prancheta-1-3-700x576.png 700w, https:\/\/killerbee.com.br\/wp-content\/uploads\/2025\/07\/Prancheta-1-3-180x148.png 180w, https:\/\/killerbee.com.br\/wp-content\/uploads\/2025\/07\/Prancheta-1-3.png 1508w\" sizes=\"(max-width: 973px) 100vw, 973px\" \/>\t\t\t\t\t\t\t\t\t\t\t\t\t\t\t<\/div>\n\t\t\t\t<\/div>\n\t\t<div class=\"elementor-element elementor-element-40af681 e-con-full e-flex e-con e-child\" data-id=\"40af681\" data-element_type=\"container\">\n\t\t\t\t<div class=\"elementor-element elementor-element-642ff71 wd-width-100 elementor-widget elementor-widget-wd_title\" data-id=\"642ff71\" data-element_type=\"widget\" data-widget_type=\"wd_title.default\">\n\t\t\t\t<div class=\"elementor-widget-container\">\n\t\t\t\t\t\t\t<div class=\"title-wrapper wd-set-mb reset-last-child wd-title-color-default wd-title-style-default wd-title-size-default text-center\">\n\n\t\t\t\n\t\t\t<div class=\"liner-continer\">\n\t\t\t\t<h4 class=\"woodmart-title-container title wd-fontsize-l\">OVERSIDED<\/h4> \n\t\t\t\t\t\t\t<\/div>\n\n\t\t\t\t\t<\/div>\n\t\t\t\t\t\t<\/div>\n\t\t\t\t<\/div>\n\t\t\t\t<div class=\"elementor-element elementor-element-e6c00d7 elementor-widget elementor-widget-image\" data-id=\"e6c00d7\" data-element_type=\"widget\" data-widget_type=\"image.default\">\n\t\t\t\t\t\t\t\t\t\t\t\t\t\t\t<img decoding=\"async\" width=\"628\" height=\"432\" src=\"https:\/\/killerbee.com.br\/wp-content\/uploads\/2025\/07\/OVERTABELA-DE-MEDIDAS.png\" class=\"attachment-large size-large wp-image-1694\" alt=\"\" srcset=\"https:\/\/killerbee.com.br\/wp-content\/uploads\/2025\/07\/OVERTABELA-DE-MEDIDAS.png 628w, https:\/\/killerbee.com.br\/wp-content\/uploads\/2025\/07\/OVERTABELA-DE-MEDIDAS-400x275.png 400w, https:\/\/killerbee.com.br\/wp-content\/uploads\/2025\/07\/OVERTABELA-DE-MEDIDAS-430x296.png 430w, https:\/\/killerbee.com.br\/wp-content\/uploads\/2025\/07\/OVERTABELA-DE-MEDIDAS-180x124.png 180w\" sizes=\"(max-width: 628px) 100vw, 628px\" \/>\t\t\t\t\t\t\t\t\t\t\t\t\t\t\t<\/div>\n\t\t\t\t<\/div>\n\t\t\t\t\t<\/div>\n\t\t\t\t<\/div>\n\t\t<div class=\"wd-negative-gap elementor-element elementor-element-670f413 e-flex e-con-boxed e-con e-parent\" data-id=\"670f413\" data-element_type=\"container\">\n\t\t\t\t\t<div class=\"e-con-inner\">\n\t\t<div class=\"elementor-element elementor-element-4cce3ee e-con-full e-flex e-con e-child\" data-id=\"4cce3ee\" data-element_type=\"container\">\n\t\t\t\t<div class=\"elementor-element elementor-element-c7d718e elementor-widget elementor-widget-image\" data-id=\"c7d718e\" data-element_type=\"widget\" data-widget_type=\"image.default\">\n\t\t\t\t\t\t\t\t\t\t\t\t\t\t\t<img decoding=\"async\" width=\"973\" height=\"800\" src=\"https:\/\/killerbee.com.br\/wp-content\/uploads\/2025\/07\/Prancheta-2-973x800.png\" class=\"attachment-large size-large wp-image-1692\" alt=\"\" srcset=\"https:\/\/killerbee.com.br\/wp-content\/uploads\/2025\/07\/Prancheta-2-973x800.png 973w, https:\/\/killerbee.com.br\/wp-content\/uploads\/2025\/07\/Prancheta-2-365x300.png 365w, https:\/\/killerbee.com.br\/wp-content\/uploads\/2025\/07\/Prancheta-2-768x632.png 768w, https:\/\/killerbee.com.br\/wp-content\/uploads\/2025\/07\/Prancheta-2-430x354.png 430w, https:\/\/killerbee.com.br\/wp-content\/uploads\/2025\/07\/Prancheta-2-700x576.png 700w, https:\/\/killerbee.com.br\/wp-content\/uploads\/2025\/07\/Prancheta-2-180x148.png 180w, https:\/\/killerbee.com.br\/wp-content\/uploads\/2025\/07\/Prancheta-2.png 1508w\" sizes=\"(max-width: 973px) 100vw, 973px\" \/>\t\t\t\t\t\t\t\t\t\t\t\t\t\t\t<\/div>\n\t\t\t\t<\/div>\n\t\t<div class=\"elementor-element elementor-element-1c3c24e e-con-full e-flex e-con e-child\" data-id=\"1c3c24e\" data-element_type=\"container\">\n\t\t\t\t<div class=\"elementor-element elementor-element-b81c8b1 wd-width-100 elementor-widget elementor-widget-wd_title\" data-id=\"b81c8b1\" data-element_type=\"widget\" data-widget_type=\"wd_title.default\">\n\t\t\t\t<div class=\"elementor-widget-container\">\n\t\t\t\t\t\t\t<div class=\"title-wrapper wd-set-mb reset-last-child wd-title-color-default wd-title-style-default wd-title-size-default text-center\">\n\n\t\t\t\n\t\t\t<div class=\"liner-continer\">\n\t\t\t\t<h4 class=\"woodmart-title-container title wd-fontsize-l\">cROPPED<\/h4> \n\t\t\t\t\t\t\t<\/div>\n\n\t\t\t\t\t<\/div>\n\t\t\t\t\t\t<\/div>\n\t\t\t\t<\/div>\n\t\t\t\t<div class=\"elementor-element elementor-element-b92b150 elementor-widget elementor-widget-image\" data-id=\"b92b150\" data-element_type=\"widget\" data-widget_type=\"image.default\">\n\t\t\t\t\t\t\t\t\t\t\t\t\t\t\t<img loading=\"lazy\" decoding=\"async\" width=\"628\" height=\"311\" src=\"https:\/\/killerbee.com.br\/wp-content\/uploads\/2025\/07\/CROPPEDTABELA-DE-MEDIDAS.png\" class=\"attachment-large size-large wp-image-1693\" alt=\"\" srcset=\"https:\/\/killerbee.com.br\/wp-content\/uploads\/2025\/07\/CROPPEDTABELA-DE-MEDIDAS.png 628w, https:\/\/killerbee.com.br\/wp-content\/uploads\/2025\/07\/CROPPEDTABELA-DE-MEDIDAS-400x198.png 400w, https:\/\/killerbee.com.br\/wp-content\/uploads\/2025\/07\/CROPPEDTABELA-DE-MEDIDAS-430x213.png 430w, https:\/\/killerbee.com.br\/wp-content\/uploads\/2025\/07\/CROPPEDTABELA-DE-MEDIDAS-180x89.png 180w\" sizes=\"(max-width: 628px) 100vw, 628px\" \/>\t\t\t\t\t\t\t\t\t\t\t\t\t\t\t<\/div>\n\t\t\t\t<\/div>\n\t\t\t\t\t<\/div>\n\t\t\t\t<\/div>\n\t\t\t\t<\/div>\n\t\t","protected":false},"excerpt":{"rendered":"<p>Como escolher o seu tamanho A modelagem oversized da Killer Bee j\u00e1 foi pensada para servir perfeitamente na sua numera\u00e7\u00e3o<\/p>\n","protected":false},"author":1,"featured_media":0,"parent":0,"menu_order":0,"comment_status":"closed","ping_status":"closed","template":"","meta":{"footnotes":""},"class_list":["post-1635","page","type-page","status-publish","hentry"],"jetpack_sharing_enabled":true,"_links":{"self":[{"href":"https:\/\/killerbee.com.br\/index.php?rest_route=\/wp\/v2\/pages\/1635","targetHints":{"allow":["GET"]}}],"collection":[{"href":"https:\/\/killerbee.com.br\/index.php?rest_route=\/wp\/v2\/pages"}],"about":[{"href":"https:\/\/killerbee.com.br\/index.php?rest_route=\/wp\/v2\/types\/page"}],"author":[{"embeddable":true,"href":"https:\/\/killerbee.com.br\/index.php?rest_route=\/wp\/v2\/users\/1"}],"replies":[{"embeddable":true,"href":"https:\/\/killerbee.com.br\/index.php?rest_route=%2Fwp%2Fv2%2Fcomments&post=1635"}],"version-history":[{"count":4,"href":"https:\/\/killerbee.com.br\/index.php?rest_route=\/wp\/v2\/pages\/1635\/revisions"}],"predecessor-version":[{"id":1706,"href":"https:\/\/killerbee.com.br\/index.php?rest_route=\/wp\/v2\/pages\/1635\/revisions\/1706"}],"wp:attachment":[{"href":"https:\/\/killerbee.com.br\/index.php?rest_route=%2Fwp%2Fv2%2Fmedia&parent=1635"}],"curies":[{"name":"wp","href":"https:\/\/api.w.org\/{rel}","templated":true}]}}